{"id":670,"date":"2023-03-01T09:31:10","date_gmt":"2023-03-01T08:31:10","guid":{"rendered":"https:\/\/ggeingatlan.hu\/site\/?page_id=670"},"modified":"2023-03-01T09:32:23","modified_gmt":"2023-03-01T08:32:23","slug":"impresszum","status":"publish","type":"page","link":"https:\/\/ggeingatlan.hu\/site\/impresszum\/","title":{"rendered":"Impresszum"},"content":{"rendered":"\n<h5 class=\"wp-block-heading\">\u00dczemeltet\u0151<\/h5>\n\n\n\n<p><strong>GGE Invest Kft.<\/strong><\/p>\n\n\n\n<p>9200 Mosonmagyar\u00f3v\u00e1r, Kossuth Lajos utca 16.<\/p>\n\n\n\n<p><a href=\"mailto:iroda@globalotthon.hu\" target=\"_blank\" rel=\"noopener\" title=\"\">iroda@globalotthon.hu<\/a><\/p>\n\n\n\n<p><a href=\"tel:+36204088626\" title=\"+36 20 40 88 626\">+36 20 40 88 626<\/a><\/p>\n\n\n\n<hr class=\"wp-block-separator has-text-color has-primary-color has-alpha-channel-opacity has-primary-background-color has-background\"\/>\n\n\n\n<h5 class=\"wp-block-heading\">T\u00e1rhelyszolg\u00e1ltat\u00f3<\/h5>\n\n\n\n<p><strong>T\u00e1rhely.Eu Szolg\u00e1ltat\u00f3 Kft.<\/strong><\/p>\n\n\n\n<p>1538 Budapest, Pf.: 510.<\/p>\n\n\n\n<p><a href=\"mailto:support@tarhely.eu\" target=\"_blank\" rel=\"noopener\" title=\"\">support@tarhely.eu<\/a><\/p>\n\n\n\n<p><a href=\"tel:+3617892789\">+36 1 789 2 789<\/a><\/p>\n\n\n\n<p><\/p>\n","protected":false},"excerpt":{"rendered":"<p>\u00dczemeltet\u0151 GGE Invest Kft. 9200 Mosonmagyar\u00f3v\u00e1r, Kossuth Lajos utca 16. iroda@globalotthon.hu +36 20 40 88 626 T\u00e1rhelyszolg\u00e1ltat\u00f3 T\u00e1rhely.Eu Szolg\u00e1ltat\u00f3 Kft. 1538 Budapest, Pf.: 510. support@tarhely.eu +36 1 789 2 789<\/p>\n","protected":false},"author":1,"featured_media":0,"parent":0,"menu_order":0,"comment_status":"closed","ping_status":"closed","template":"","meta":{"_monsterinsights_skip_tracking":false,"_monsterinsights_sitenote_active":false,"_monsterinsights_sitenote_note":"","_monsterinsights_sitenote_category":0,"pgc_sgb_lightbox_settings":"","footnotes":""},"class_list":["post-670","page","type-page","status-publish","hentry"],"aioseo_notices":[],"_links":{"self":[{"href":"https:\/\/ggeingatlan.hu\/site\/wp-json\/wp\/v2\/pages\/670","targetHints":{"allow":["GET"]}}],"collection":[{"href":"https:\/\/ggeingatlan.hu\/site\/wp-json\/wp\/v2\/pages"}],"about":[{"href":"https:\/\/ggeingatlan.hu\/site\/wp-json\/wp\/v2\/types\/page"}],"author":[{"embeddable":true,"href":"https:\/\/ggeingatlan.hu\/site\/wp-json\/wp\/v2\/users\/1"}],"replies":[{"embeddable":true,"href":"https:\/\/ggeingatlan.hu\/site\/wp-json\/wp\/v2\/comments?post=670"}],"version-history":[{"count":2,"href":"https:\/\/ggeingatlan.hu\/site\/wp-json\/wp\/v2\/pages\/670\/revisions"}],"predecessor-version":[{"id":674,"href":"https:\/\/ggeingatlan.hu\/site\/wp-json\/wp\/v2\/pages\/670\/revisions\/674"}],"wp:attachment":[{"href":"https:\/\/ggeingatlan.hu\/site\/wp-json\/wp\/v2\/media?parent=670"}],"curies":[{"name":"wp","href":"https:\/\/api.w.org\/{rel}","templated":true}]}}