{"id":91,"date":"2023-02-08T09:50:45","date_gmt":"2023-02-08T08:50:45","guid":{"rendered":"https:\/\/ggeingatlan.hu\/site\/?page_id=91"},"modified":"2023-03-06T09:52:51","modified_gmt":"2023-03-06T08:52:51","slug":"kapcsolat","status":"publish","type":"page","link":"https:\/\/ggeingatlan.hu\/site\/kapcsolat\/","title":{"rendered":"Kapcsolat"},"content":{"rendered":"\n<h2 class=\"has-text-align-center wp-block-heading\">L\u00e9pjen vel\u00fcnk kapcsolatba!<\/h2>\n\n\n\n<div class=\"wp-block-columns is-layout-flex wp-container-core-columns-is-layout-d2da2050 wp-block-columns-is-layout-flex\" style=\"margin-bottom:0\">\n<div class=\"wp-block-column has-tertiary-background-color has-background is-layout-flow wp-container-core-column-is-layout-a8d3fa09 wp-block-column-is-layout-flow\" style=\"padding-top:var(--wp--preset--spacing--30);padding-right:var(--wp--preset--spacing--30);padding-bottom:var(--wp--preset--spacing--30);padding-left:var(--wp--preset--spacing--30)\">\n<div id=\"mmform209484\" class=\"mmform\" style=\"position:relative;padding-bottom:300px;height:0;overflow:hidden;max-width:100%;\"><\/div>\n<script type=\"text\/javascript\">\nvar uniqueId = 2094841676279131,listId = 108764,formId = 209484,iwidth=435,mmDomain='salesautopilot.s3.amazonaws.com',secondMMDomain='sw.marketingszoftverek.hu',spancont=false,secure=('https:' == document.location.protocol)?true:false;\n<\/script>\n<script type=\"text\/javascript\" src=\"https:\/\/d1ursyhqs5x9h1.cloudfront.net\/sw\/scripts\/mm-embed-iframe-1.15.min.js\"><\/script>\n<\/div>\n\n\n\n<div class=\"wp-block-column is-vertically-aligned-center is-layout-flow wp-block-column-is-layout-flow\" style=\"padding-top:var(--wp--preset--spacing--30);padding-right:var(--wp--preset--spacing--30);padding-bottom:var(--wp--preset--spacing--30);padding-left:var(--wp--preset--spacing--30)\">\n<p class=\"has-text-align-center has-large-font-size\"><strong>C\u00edm\u00fcnk:<\/strong><br>9200 Mosonmagyar\u00f3v\u00e1r, <br>Kossuth Lajos utca 16.<\/p>\n\n\n\n<p class=\"has-text-align-center has-large-font-size\"><strong>Email: <\/strong><br><a href=\"mailto:sz.nikoletta@legjobbalkusz.hu\" title=\"\">iroda@globalotthon.hu<\/a><\/p>\n\n\n\n<p class=\"has-text-align-center has-large-font-size\"><strong>Telefon:<\/strong><br> <a href=\"tel:+36707730768\" title=\"+36 20\/4088-626\">+36 70 773 07 68<\/a><\/p>\n\n\n\n<p class=\"has-text-align-center has-large-font-size\"><strong>Nyitvatart\u00e1s:<\/strong><br> H-Cs 8-16 <br>P 8-12<\/p>\n<\/div>\n<\/div>\n\n\n\n<div class=\"wp-block-columns is-layout-flex wp-container-core-columns-is-layout-28f84493 wp-block-columns-is-layout-flex\">\n<div class=\"wp-block-column is-layout-flow wp-block-column-is-layout-flow\" style=\"padding-top:var(--wp--preset--spacing--30);padding-right:var(--wp--preset--spacing--30);padding-bottom:var(--wp--preset--spacing--30);padding-left:var(--wp--preset--spacing--30)\">\n<figure class=\"wp-block-image size-full\"><img loading=\"lazy\" decoding=\"async\" width=\"1440\" height=\"1080\" src=\"https:\/\/ggeingatlan.hu\/site\/wp-content\/uploads\/2023\/02\/global-irodahaz.jpg\" alt=\"\" class=\"wp-image-440\" srcset=\"https:\/\/ggeingatlan.hu\/site\/wp-content\/uploads\/2023\/02\/global-irodahaz.jpg 1440w, https:\/\/ggeingatlan.hu\/site\/wp-content\/uploads\/2023\/02\/global-irodahaz-300x225.jpg 300w, https:\/\/ggeingatlan.hu\/site\/wp-content\/uploads\/2023\/02\/global-irodahaz-1024x768.jpg 1024w, https:\/\/ggeingatlan.hu\/site\/wp-content\/uploads\/2023\/02\/global-irodahaz-768x576.jpg 768w, https:\/\/ggeingatlan.hu\/site\/wp-content\/uploads\/2023\/02\/global-irodahaz-1536x1152.jpg 1536w\" sizes=\"auto, (max-width: 1440px) 100vw, 1440px\" \/><\/figure>\n<\/div>\n\n\n\n<div class=\"wp-block-column is-vertically-aligned-center has-tertiary-background-color has-background is-layout-flow wp-block-column-is-layout-flow\" style=\"padding-top:var(--wp--preset--spacing--30);padding-right:var(--wp--preset--spacing--30);padding-bottom:var(--wp--preset--spacing--30);padding-left:var(--wp--preset--spacing--30)\">\n<center><iframe src=\"https:\/\/www.google.com\/maps\/embed?pb=!1m14!1m8!1m3!1d1546.1474700867302!2d17.267571086484843!3d47.86875831688503!3m2!1i1024!2i768!4f13.1!3m3!1m2!1s0x476c77df1260b265%3A0x934e33fc0a48dc53!2sMosonmagyar%C3%B3v%C3%A1r%2C%20Kossuth%20Lajos%20u.%2016%2C%209200%20Magyarorsz%C3%A1g!5e0!3m2!1shu!2sus!4v1675846326794!5m2!1shu!2sus\" style=\"border:0;\" allowfullscreen=\"\" loading=\"lazy\" referrerpolicy=\"no-referrer-when-downgrade\" width=\"600\" height=\"450\"><\/iframe><\/center>\n<\/div>\n<\/div>\n","protected":false},"excerpt":{"rendered":"<p>L\u00e9pjen vel\u00fcnk kapcsolatba! C\u00edm\u00fcnk:9200 Mosonmagyar\u00f3v\u00e1r, Kossuth Lajos utca 16. Email: iroda@globalotthon.hu Telefon: +36 70 773 07 68 Nyitvatart\u00e1s: H-Cs 8-16 P 8-12<\/p>\n","protected":false},"author":1,"featured_media":0,"parent":0,"menu_order":0,"comment_status":"closed","ping_status":"closed","template":"","meta":{"_monsterinsights_skip_tracking":false,"_monsterinsights_sitenote_active":false,"_monsterinsights_sitenote_note":"","_monsterinsights_sitenote_category":0,"pgc_sgb_lightbox_settings":"","footnotes":""},"class_list":["post-91","page","type-page","status-publish","hentry"],"aioseo_notices":[],"_links":{"self":[{"href":"https:\/\/ggeingatlan.hu\/site\/wp-json\/wp\/v2\/pages\/91","targetHints":{"allow":["GET"]}}],"collection":[{"href":"https:\/\/ggeingatlan.hu\/site\/wp-json\/wp\/v2\/pages"}],"about":[{"href":"https:\/\/ggeingatlan.hu\/site\/wp-json\/wp\/v2\/types\/page"}],"author":[{"embeddable":true,"href":"https:\/\/ggeingatlan.hu\/site\/wp-json\/wp\/v2\/users\/1"}],"replies":[{"embeddable":true,"href":"https:\/\/ggeingatlan.hu\/site\/wp-json\/wp\/v2\/comments?post=91"}],"version-history":[{"count":34,"href":"https:\/\/ggeingatlan.hu\/site\/wp-json\/wp\/v2\/pages\/91\/revisions"}],"predecessor-version":[{"id":859,"href":"https:\/\/ggeingatlan.hu\/site\/wp-json\/wp\/v2\/pages\/91\/revisions\/859"}],"wp:attachment":[{"href":"https:\/\/ggeingatlan.hu\/site\/wp-json\/wp\/v2\/media?parent=91"}],"curies":[{"name":"wp","href":"https:\/\/api.w.org\/{rel}","templated":true}]}}